{"id":9,"date":"2023-12-23T15:32:16","date_gmt":"2023-12-23T15:32:16","guid":{"rendered":"https:\/\/thuocgiaidoc.com\/?p=9"},"modified":"2024-05-11T12:18:27","modified_gmt":"2024-05-11T12:18:27","slug":"anidote","status":"publish","type":"page","link":"https:\/\/thuocgiaidoc.com\/?page_id=9","title":{"rendered":"T\u1ed5ng quan"},"content":{"rendered":"\n<p>T\u00f3m t\u1eaft c\u1ee7a phim t\u00e0i li\u1ec7u Thu\u1ed1c Gi\u1ea3i \u0110\u1ed9c &#8211;  nCoV \u0111\u01b0\u1ee3c ch\u1ebf ra t\u1eeb n\u1ecdc \u0111\u1ed9c r\u1eafn v\u00ec v\u1eady c\u00e1c ph\u01b0\u01a1ng ph\u00e1p ch\u1eefa \u0111\u1ed9c r\u1eafn s\u1ebd hi\u1ec7u qu\u1ea3.<\/p>\n\n\n\n<p class=\"has-text-align-center\">C\u00e1ch th\u1ea3i \u0111\u1ed9c bao g\u1ed3m :<\/p>\n\n\n\n<p class=\"has-text-align-center\">Gi\u1ea3i ph\u00f3ng n\u1ecdc \u0111\u1ed9c kh\u1ecfi t\u1ebf b\u00e0o (ch\u1ecdn m\u1ed9t trong nh\u1eefng ph\u01b0\u01a1ng ph\u00e1p d\u01b0\u1edbi):<\/p>\n\n\n\n<p> mi\u1ebfng d\u00e1n nicotine 7mg \/ 2mg k\u1eb9o cai thu\u1ed1c l\u00e1 \/ 100mg c\u00e0 t\u00edm <\/p>\n\n\n\n<p>Acetyl-Cholin (CITICOLINE ho\u1eb7c CDP-CHOLINE)<\/p>\n\n\n\n<p class=\"has-text-align-center\">Gi\u1ea3i \u0111\u1ed9c  (ch\u1ecdn m\u1ed9t trong nh\u1eefng ph\u01b0\u01a1ng ph\u00e1p d\u01b0\u1edbi):<\/p>\n\n\n\n<p>Ashwaganda (withania Somnifera)<\/p>\n\n\n\n<p>R\u1ec5 cam th\u1ea3o (Glycyrrhizin Acid) <\/p>\n\n\n\n<p>Qu\u1ebf 7mg<\/p>\n\n\n\n<p>Nano B\u1ea1c <\/p>\n\n\n\n<p>6% Oxy Gi\u00e0 s\u1eed d\u1ee5ng trong th\u1ef1c ph\u1ea9m \/ y t\u1ebf: 6 gi\u1ecdt trong 200 ml n\u01b0\u1edbc l\u1ecdc c\u00e1ch m\u1ed9t ng\u00e0y. U\u1ed1ng tr\u01b0\u1edbc khi \u0103n ho\u1eb7c u\u1ed1ng b\u1ea5t c\u1ee9  th\u1ee9 g\u00ec v\u00e0o bu\u1ed5i s\u00e1ng. (<a href=\"https:\/\/thuocgiaidoc.com\/?page_id=169\" data-type=\"page\" data-id=\"169\">ho\u1eb7c s\u1eed d\u1ee5ng CDS<\/a>)<\/p>\n\n\n\n<p>Ch\u1ea5t k\u1ebft d\u00ednh \u0111\u1ed9t t\u1ed1  (ch\u1ecdn m\u1ed9t trong nh\u1eefng ph\u01b0\u01a1ng ph\u00e1p d\u01b0\u1edbi):<\/p>\n\n\n\n<p>B\u1ed9t Pectin c\u1ee7a t\u00e1o: 1500 mg m\u1ed7i ng\u00e0y<\/p>\n\n\n\n<p>\u0110\u1ea5t s\u00e9t Bentonite c\u1ea5p th\u1ef1c ph\u1ea9m: 1\/8 mu\u1ed7ng c\u00e0 ph\u00ea trong 200 ml n\u01b0\u1edbc l\u1ecdc hai l\u1ea7n m\u1ed7i ng\u00e0y.<\/p>\n\n\n\n<p><\/p>\n\n\n\n<p>Ngu\u1ed3n: l\u1ea5y t\u1eeb b\u00e0i thuy\u1ebft tr\u00ecnh c\u1ee7a Ardis t\u1ea1m d\u1ecbch b\u00ean d\u01b0\u1edbi.<\/p>\n\n\n        <div id=\"ep-gutenberg-content-c5d504d62ca36eb49a19bda139f2e306\" class=\"ep-gutenberg-content aligncenter ep-percentage-width   ep-content-protection-disabled\">\n            <div class=\"embedpress-inner-iframe emebedpress-unit-percent ep-doc-c5d504d62ca36eb49a19bda139f2e306\" style=\"max-width:600%\" id=\"embedpress-pdf-1715341265055\">\n                <div >\n                    <div class=\"ep-embed-content-wraper\"><div class=\"position-right-wraper gutenberg-pdf-wraper\"><iframe title=\"ARTIS P2 VN 1\" class=\"embedpress-embed-document-pdf embedpress-pdf-1715341265055\" style=\"width:600%;height:600px; max-width:100%; display: inline-block\" src=\"https:\/\/thuocgiaidoc.com\/wp-admin\/admin-ajax.php?action=get_viewer&#038;file=https%3A%2F%2Fthuocgiaidoc.com%2Fwp-content%2Fuploads%2F2024%2F05%2FARTIS-P2-VN-1.pdf#key=dGhlbWVNb2RlPWRlZmF1bHQmdG9vbGJhcj10cnVlJnBvc2l0aW9uPXRvcCZwcmVzZW50YXRpb249dHJ1ZSZsYXp5TG9hZD1mYWxzZSZkb3dubG9hZD10cnVlJmNvcHlfdGV4dD10cnVlJmFkZF90ZXh0PXRydWUmZHJhdz1mYWxzZSZkb2Nfcm90YXRpb249dHJ1ZSZhZGRfaW1hZ2U9dHJ1ZSZkb2NfZGV0YWlscz10cnVlJnpvb21faW49dHJ1ZSZ6b29tX291dD10cnVlJmZpdF92aWV3PXRydWUmYm9va21hcms9dHJ1ZSZmbGlwYm9va190b29sYmFyX3Bvc2l0aW9uPWJvdHRvbSZzZWxlY3Rpb25fdG9vbD0wJnNjcm9sbGluZz0tMSZzcHJlYWRzPS0xJndhdGVybWFya190ZXh0PSZ3YXRlcm1hcmtfZm9udF9zaXplPTQ4JndhdGVybWFya19jb2xvcj0lMjMwMDAwMDAmd2F0ZXJtYXJrX29wYWNpdHk9MTUmd2F0ZXJtYXJrX3N0eWxlPWNlbnRlcg==\" frameborder=\"0\" oncontextmenu=\"return false;\"><\/iframe> <p class=\"embedpress-el-powered\">Powered By EmbedPress<\/p><\/div><\/div>                <\/div>\n            <\/div>\n        <\/div>\n    \n\n\n<p>N\u00ean xem th\u00eam <a href=\"https:\/\/thuocgiaidoc.com\/?p=169\" data-type=\"post\" data-id=\"169\">li\u1ec7u ph\u00e1p CDS <\/a>\u0111\u1ec3 ch\u1eefa cho ng\u01b0\u1eddi \u0111\u00e3 ti\u00eam<\/p>\n\n\n\n<p>\u0110\u00e2y l\u00e0 m\u1ed9t b\u00e0i ph\u1ecfng v\u1ea5n ng\u1eafn kh\u00e1c v\u1edbi anh Ardis v\u1edbi thuy\u1ebft minh.<\/p>\n\n\n\n<center><iframe loading=\"lazy\" class=\"rumble\" width=\"640\" height=\"360\" src=\"https:\/\/rumble.com\/embed\/v4rsnjc\/?pub=35fqbh\" frameborder=\"0\" allowfullscreen><\/iframe><center\/>\n","protected":false},"excerpt":{"rendered":"<p>T\u00f3m t\u1eaft c\u1ee7a phim t\u00e0i li\u1ec7u Thu\u1ed1c Gi\u1ea3i \u0110\u1ed9c &#8211; nCoV \u0111\u01b0\u1ee3c ch\u1ebf ra t\u1eeb n\u1ecdc \u0111\u1ed9c r\u1eafn v\u00ec v\u1eady c\u00e1c ph\u01b0\u01a1ng ph\u00e1p ch\u1eefa \u0111\u1ed9c r\u1eafn s\u1ebd hi\u1ec7u qu\u1ea3. C\u00e1ch th\u1ea3i \u0111\u1ed9c bao g\u1ed3m : Gi\u1ea3i ph\u00f3ng n\u1ecdc \u0111\u1ed9c kh\u1ecfi t\u1ebf b\u00e0o (ch\u1ecdn m\u1ed9t trong nh\u1eefng ph\u01b0\u01a1ng ph\u00e1p d\u01b0\u1edbi): mi\u1ebfng d\u00e1n nicotine 7mg \/ 2mg [&hellip;]<\/p>\n","protected":false},"author":1,"featured_media":0,"parent":0,"menu_order":0,"comment_status":"open","ping_status":"open","template":"","meta":{"ngg_post_thumbnail":0,"footnotes":""},"class_list":["post-9","page","type-page","status-publish","hentry"],"_links":{"self":[{"href":"https:\/\/thuocgiaidoc.com\/index.php?rest_route=\/wp\/v2\/pages\/9","targetHints":{"allow":["GET"]}}],"collection":[{"href":"https:\/\/thuocgiaidoc.com\/index.php?rest_route=\/wp\/v2\/pages"}],"about":[{"href":"https:\/\/thuocgiaidoc.com\/index.php?rest_route=\/wp\/v2\/types\/page"}],"author":[{"embeddable":true,"href":"https:\/\/thuocgiaidoc.com\/index.php?rest_route=\/wp\/v2\/users\/1"}],"replies":[{"embeddable":true,"href":"https:\/\/thuocgiaidoc.com\/index.php?rest_route=%2Fwp%2Fv2%2Fcomments&post=9"}],"version-history":[{"count":21,"href":"https:\/\/thuocgiaidoc.com\/index.php?rest_route=\/wp\/v2\/pages\/9\/revisions"}],"predecessor-version":[{"id":272,"href":"https:\/\/thuocgiaidoc.com\/index.php?rest_route=\/wp\/v2\/pages\/9\/revisions\/272"}],"wp:attachment":[{"href":"https:\/\/thuocgiaidoc.com\/index.php?rest_route=%2Fwp%2Fv2%2Fmedia&parent=9"}],"curies":[{"name":"wp","href":"https:\/\/api.w.org\/{rel}","templated":true}]}}