{"id":169,"date":"2024-05-10T11:43:02","date_gmt":"2024-05-10T11:43:02","guid":{"rendered":"https:\/\/thuocgiaidoc.com\/?p=169"},"modified":"2024-05-10T17:32:59","modified_gmt":"2024-05-10T17:32:59","slug":"lieu-phap-cds","status":"publish","type":"page","link":"https:\/\/thuocgiaidoc.com\/?page_id=169","title":{"rendered":"Li\u1ec7u ph\u00e1p CDS"},"content":{"rendered":"\n<p>Gi\u1ea3i Ph\u00e1p Vaxine &#8211; Vaxine Detox b\u1eb1ng CDS<\/p>\n\n\n\n<p>C\u00e1ch th\u1ea3i v\u00e0 t\u1ea9y vaxine kh\u1ecfi c\u01a1 th\u1ec3<br>\u25e6 Li\u1ec7u Ph\u00e1p C &#8211; 21 ng\u00e0y \u0111\u1ebfn 2 th\u00e1ng (xem trang 131 SKNC)<br>\u25e6 Li\u1ec7u Ph\u00e1p K &#8211; 1 tu\u1ea7n t\u1ea1i ch\u1ed7 b\u1ecb ti\u00eam (xem trang 142 SKNC)<br>*N\u1ebfu chu\u1ea9n b\u1ecb \u0111\u1ec3 ti\u00eam th\u00ec n\u00ean gi\u00f9ng li\u1ec7u ph\u00e1p C \u00edt nh\u1ea5t 7 ng\u00e0y tr\u01b0\u1edbc khi ti\u00eam (Theo Li\u1ec7u Ph\u00e1p V\u00e1cxin c\u1ee7a Jim Humble)<br>**N\u00ean \u0111\u1ecdc k\u0129 ch\u01b0\u01a1ng 3 c\u1eeda SKNC v\u1ec1 c\u00e1ch u\u1ed1ng CDS<\/p>\n\n\n\n<p>Ngo\u00e0i ra n\u00ean b\u1ed5 tr\u1ee3 th\u00eam n\u1ebfu c\u00f3 th\u1ec3:<br>\u25e6 Iodine, Zinc, Vitamin C, D3<br>\u25e6 C\u00e1c thu\u1ed1c t\u1ef1 nhi\u00ean b\u1ed5 gan v\u00e0 th\u1eadn (xem b\u00ean d\u01b0\u1edbi &#8211; *2).<\/p>\n\n\n\n<p>T\u00e0i li\u1ec7u tham kh\u1ea3o:<br>\u25e6 \u0110\u1ecdc S\u00e1ch S\u1ee9c Kho\u1ebb Nghi\u00eam C\u1ea5m (SKNC) online t\u1ea1i https:\/\/archive.org\/details\/suc-khoe-bi-nghiem-cam-aldeas-calcker<br>\u25e6 T\u00f3m t\u1eaft C\u00e1c Li\u1ec7u Ph\u00e1p CDS online: https:\/\/lieuphapcd.net\/cac-phuong-thuc-chuyen-biet-theo-andreas-kalcker\/<br>\u25e6 Video H\u01b0\u1edbng d\u1eabn c\u00e1ch pha CDS https:\/\/archive.org\/details\/cach-pha-cds<\/p>\n\n\n\n<center><iframe loading=\"lazy\" src=\"https:\/\/archive.org\/embed\/cach-pha-cds\" width=\"640\" height=\"480\" frameborder=\"0\" webkitallowfullscreen=\"true\" mozallowfullscreen=\"true\" allowfullscreen><\/iframe><center\/>\n\n\n\n<p>T\u1ea1i sao CDS:<br>\u25e6 \u0110\u01b0\u1ee3c c\u00f4ng nh\u1eadn l\u00e0 thu\u1ed1c gi\u1ea3i \u0111\u1ed9c cho m\u1ecdi b\u1ec7nh &#8211; theo NASA (xem danh s\u00e1ch b\u1ec7nh c\u00f3 th\u1ec3 ch\u1eefa trong s\u00e1ch SKNC)<br>\u25e6 \u0110\u01b0\u1ee3c c\u00f4ng nh\u1eadn l\u00e0 c\u00f3 hi\u1ec7u qu\u1ea3 v\u1edbi vaxine ncov theo hi\u1ec7p h\u1ed9i b\u00e1c s\u0129 \u0111a qu\u1ed1c gia COMUSAV ( Theo Aldeas Calcker &#8211; xem b\u00ean d\u01b0\u1edbi &#8211; *1)<br>\u2014\u2014\u2014\u2014\u2014\u2014\u2014\u2014<\/p>\n\n\n\n<p>(*1) Aldeas Calcker n\u00f3i v\u1ec1 hi\u1ec7u qu\u1ea3 c\u1ee7a CDS v\u1edbi Vaxine ncov<br>L\u00fd do th\u1ef1c s\u1ef1 m\u00e0 ng\u00e0nh c\u00f4ng nghi\u1ec7p d\u01b0\u1ee3c ph\u1ea9m \u0111ang b\u1ed5 sung nano graphene v\u00e0o v\u1eafc xin ncov l\u00e0 v\u00ec n\u00f3 cung c\u1ea5p h\u1ec7 s\u1ed1 truy\u1ec1n nhi\u1ec5m cao h\u01a1n. M\u1ed9t trong nh\u1eefng ch\u1ea5t \u0111\u01b0\u1ee3c s\u1eed d\u1ee5ng trong v\u1eafc-xin l\u00e0 c\u00e1c t\u1ebf b\u00e0o l\u01b0\u1ee1ng b\u1ed9i c\u1ee7a b\u00e0o thai b\u1ecb ph\u00e1 b\u1ecf. \u0110\u00f3 kh\u00f4ng ch\u1ec9 l\u00e0 v\u1ea5n \u0111\u1ec1 \u0111\u1ea1o \u0111\u1ee9c, m\u00e0 c\u00f2n l\u00e0 v\u1ea5n \u0111\u1ec1 k\u1ef9 thu\u1eadt, v\u00ec kh\u00f4ng c\u00f3 \u0111\u1ee7 nguy\u00ean li\u1ec7u sinh h\u1ecdc nh\u01b0 v\u1eady \u0111\u1ec3 s\u1ea3n xu\u1ea5t h\u00e0ng tri\u1ec7u v\u1eafc xin. Gi\u1ea3i ph\u00e1p k\u1ef9 thu\u1eadt cho ng\u00e0nh l\u00e0 g\u00ec? H\u1ecd s\u1eed d\u1ee5ng m\u1ed9t ch\u1ea5t chuy\u1ec3n \u0111\u1ed5i v\u00e0 n\u00f3 ch\u1ee7 y\u1ebfu l\u00e0 nano graphene \u0111\u01b0\u1ee3c k\u1ebft h\u1ee3p v\u1edbi c\u00e1c tinh th\u1ec3 magnetit b\u1edfi v\u00ec v\u1eady h\u1ecd c\u00f3 th\u1ec3 t\u0103ng t\u1ef7 l\u1ec7 l\u00e2y nhi\u1ec5m cho v\u1eadt li\u1ec7u sinh h\u1ecdc h\u1eefu h\u1ea1n l\u00ean h\u00e0ng ngh\u00ecn l\u1ea7n v\u00e0 \u0111\u00f3 l\u00e0 gi\u1ea3i ph\u00e1p nhi\u1ec1u t\u1ef7 euro b\u1edfi v\u00ec kinh doanh l\u00e0 s\u1ee9c m\u1ea1nh v\u00e0 m\u1ee5c ti\u00eau tuy\u1ec7t \u0111\u1ed1i. H\u1ecd can thi\u1ec7p v\u00e0o c\u00e2n b\u1eb1ng l\u00fd sinh c\u1ee7a c\u01a1 th\u1ec3 v\u00e0 do \u0111\u00f3 n\u00f3 tr\u1edf n\u00ean nh\u1ea1y c\u1ea3m h\u01a1n, n\u00f3 t\u00edch t\u1ee5 m\u1ed9t l\u01b0\u1ee3ng l\u1edbn ferritin v\u00e0 \u0111\u1ed3ng th\u1eddi c\u0169ng t\u1ea1o hi\u1ec7u \u1ee9ng t\u1eeb t\u00ednh tr\u00ean c\u00e1nh tay b\u1ecb ti\u00eam m\u00e0 \u0111ang g\u00e2y tranh lu\u1eadn (xem video ). V\u00ec ferritin thay v\u00ec 4500 nguy\u00ean t\u1eed s\u1eaft \u0111\u1ed9t nhi\u00ean ch\u1ee9a h\u00e0ng tri\u1ec7u nguy\u00ean t\u1eed s\u1eaft. \u0110i\u1ec1u m\u00e0 h\u1ea7u h\u1ebft m\u1ecdi ng\u01b0\u1eddi v\u00e0 nhi\u1ec1u nh\u00e0 khoa h\u1ecdc kh\u00f4ng hi\u1ec3u l\u00e0 graphene kh\u00f4ng qu\u00e1 quan tr\u1ecdng b\u1edfi v\u00ec grapheme l\u00e0 m\u1ed9t h\u1ec7 s\u1ed1 nh\u00e2n. Zero l\u1ea7n b\u1ea5t c\u1ee9 \u0111i\u1ec1u g\u00ec v\u1eabn l\u00e0 s\u1ed1 kh\u00f4ng. Kh\u00f4ng c\u00f3 vi r\u00fat, graphene t\u01b0\u01a1ng \u0111\u1ed1i v\u00f4 h\u1ea1i v\u1edbi m\u1ed9t l\u01b0\u1ee3ng nh\u1ecf n\u00e0y (li\u1ec1u l\u01b0\u1ee3ng t\u1ea1o ra ch\u1ea5t \u0111\u1ed9c!) B\u1edfi v\u00ec c\u01a1 th\u1ec3, do k\u00edch th\u01b0\u1edbc c\u1ee7a n\u00f3, c\u00f3 th\u1ec3 \u0111\u00e0o th\u1ea3i n\u00f3 ra b\u00ean ngo\u00e0i theo th\u1eddi gian v\u1edbi m\u1ecdi th\u1ee9 m\u00e0 kh\u00f4ng ph\u1ea3i l\u00e0 n\u1ed9i sinh c\u1ee7a c\u01a1 th\u1ec3. C\u00e1c protein Gai (Spikes Protein) m\u1edbi l\u00e0 k\u1ebb th\u00f9 th\u1ef1c s\u1ef1 v\u00ec ch\u00fang k\u00edch th\u00edch s\u1ef1 thi\u1ebfu t\u1eadp trung, m\u1ec7t m\u1ecfi, kh\u00f3 \u0111\u00f4ng m\u00e1u, v.v. d\u1eabn \u0111\u1ebfn t\u1eed vong sau m\u1ed9t th\u1eddi gian. Nh\u01b0ng b\u00e2y gi\u1edd tin t\u1ed1t l\u00e0: Theo c\u00e1c tr\u01b0\u1eddng h\u1ee3p \u0111\u00e3 \u0111\u01b0\u1ee3c ch\u1ee9ng minh c\u1ee7a c\u00e1c b\u00e1c s\u0129 COMUSAV (hi\u1ec7p h\u1ed9i b\u00e1c s\u0129 to\u00e0n c\u1ea7u) c\u1ee7a ch\u00fang t\u00f4i, h\u1ecd c\u00f3 th\u1ec3 kh\u1eb3ng \u0111\u1ecbnh r\u1eb1ng CDS kh\u00e1 hi\u1ec7u qu\u1ea3. Ng\u01b0\u1eddi ti\u00eam v\u1eafc xin ph\u1ea3i th\u1ef1c hi\u1ec7n \u00edt nh\u1ea5t li\u1ec7u ph\u00e1p C trong 21 ng\u00e0y, c\u0169ng nh\u01b0 li\u1ec7u ph\u00e1p K t\u1ea1i ch\u1ed7 ti\u00eam. Ng\u01b0\u1eddi ta th\u1ea5y r\u1eb1ng nh\u1eefng b\u1ec7nh nh\u00e2n m\u00e0 \u0111\u00e3 ti\u00eam tr\u01b0\u1edbc \u0111\u00f3 \u0111\u00e3 \u0111\u01b0\u1ee3c ph\u1ee5c h\u1ed3i t\u1eeb tr\u01b0\u1eddng, h\u1ecd kh\u00f4ng c\u00f2n c\u00e1c tri\u1ec7u ch\u1ee9ng v\u00e0 kh\u00f4ng c\u00f2n t\u1eeb tr\u01b0\u1eddng b\u1ea5t th\u01b0\u1eddng n\u1eefa. CDS c\u0169ng ho\u1ea1t \u0111\u1ed9ng v\u1edbi bi\u1ebfn th\u1ec3 delta v\u00e0 t\u1ea5t c\u1ea3 c\u00e1c bi\u1ebfn th\u1ec3 kh\u00e1c v\u00ec n\u00f3 l\u00e0 m\u1ed9t ch\u1ea5t oxy h\u00f3a, c\u00f3 ngh\u0129a l\u00e0 n\u00f3 oxy h\u00f3a th\u00e0nh protein v\u00e0 do \u0111\u00f3 l\u00e0m bi\u1ebfn t\u00ednh n\u00f3 v\u00e0 l\u00e0m cho n\u00f3 tr\u1edf n\u00ean v\u00f4 h\u1ea1i. V\u00ec v\u1eady, ch\u00fang ta ph\u1ea3i t\u1eadp trung v\u00e0o vi\u1ec7c truy\u1ec1n b\u00e1 gi\u1ea3i ph\u00e1p ch\u1ee9 kh\u00f4ng ph\u1ea3i v\u1ea5n \u0111\u1ec1, t\u1ea5t c\u1ea3 ch\u00fang ta c\u00f3 th\u1ec3 c\u00f9ng nhau c\u1ee9u s\u1ed1ng v\u00e0 \u0111\u00f3 l\u00e0 \u0111i\u1ec1u duy nh\u1ea5t quan tr\u1ecdng, b\u1edfi v\u00ec lan truy\u1ec1n nh\u1eefng th\u00f4ng \u0111i\u1ec7p x\u1ea5u kh\u00f4ng l\u00e0nh m\u1ea1nh ch\u00fat n\u00e0o. v\u1edbi \u0111\u0129a CD, ch\u00fang t\u00f4i gi\u00fap c\u1ee9u s\u1ed1ng t\u1ea5t c\u1ea3 ch\u00fang ta \u0111\u1ec1u c\u00f3 th\u1ec3 l\u00e0m \u0111\u01b0\u1ee3c \u2026 tr\u01b0\u1edbc khi qu\u00e1 mu\u1ed9n.<\/p>\n\n\n\n<p>(*2) D\u01b0\u1ee3c Th\u1ea3o B\u1ed3 gan: c\u00f4ng anh, c\u00e2y k\u1ebf s\u1eefa, desmodium.<br>D\u01b0\u1ee3c Th\u1ea3o B\u1ed5 th\u1eadn: c\u00f3 th\u1ec3 d\u00f9ng b\u1ed3 c\u00f4ng anh, c\u1ecf \u0111u\u00f4i ng\u1ef1a v\u00e0 c\u00e2y t\u1ea7m ma.<br>(d\u01b0\u1ea1 theo c\u00e1c b\u00e1c s\u0129 Josef Parmies)<\/p>\n","protected":false},"excerpt":{"rendered":"<p>Gi\u1ea3i Ph\u00e1p Vaxine &#8211; Vaxine Detox b\u1eb1ng CDS C\u00e1ch th\u1ea3i v\u00e0 t\u1ea9y vaxine kh\u1ecfi c\u01a1 th\u1ec3\u25e6 Li\u1ec7u Ph\u00e1p C &#8211; 21 ng\u00e0y \u0111\u1ebfn 2 th\u00e1ng (xem trang 131 SKNC)\u25e6 Li\u1ec7u Ph\u00e1p K &#8211; 1 tu\u1ea7n t\u1ea1i ch\u1ed7 b\u1ecb ti\u00eam (xem trang 142 SKNC)*N\u1ebfu chu\u1ea9n b\u1ecb \u0111\u1ec3 ti\u00eam th\u00ec n\u00ean gi\u00f9ng li\u1ec7u ph\u00e1p C \u00edt nh\u1ea5t [&hellip;]<\/p>\n","protected":false},"author":1,"featured_media":0,"parent":0,"menu_order":0,"comment_status":"open","ping_status":"open","template":"","meta":{"ngg_post_thumbnail":0,"footnotes":""},"class_list":["post-169","page","type-page","status-publish","hentry"],"_links":{"self":[{"href":"https:\/\/thuocgiaidoc.com\/index.php?rest_route=\/wp\/v2\/pages\/169","targetHints":{"allow":["GET"]}}],"collection":[{"href":"https:\/\/thuocgiaidoc.com\/index.php?rest_route=\/wp\/v2\/pages"}],"about":[{"href":"https:\/\/thuocgiaidoc.com\/index.php?rest_route=\/wp\/v2\/types\/page"}],"author":[{"embeddable":true,"href":"https:\/\/thuocgiaidoc.com\/index.php?rest_route=\/wp\/v2\/users\/1"}],"replies":[{"embeddable":true,"href":"https:\/\/thuocgiaidoc.com\/index.php?rest_route=%2Fwp%2Fv2%2Fcomments&post=169"}],"version-history":[{"count":4,"href":"https:\/\/thuocgiaidoc.com\/index.php?rest_route=\/wp\/v2\/pages\/169\/revisions"}],"predecessor-version":[{"id":249,"href":"https:\/\/thuocgiaidoc.com\/index.php?rest_route=\/wp\/v2\/pages\/169\/revisions\/249"}],"wp:attachment":[{"href":"https:\/\/thuocgiaidoc.com\/index.php?rest_route=%2Fwp%2Fv2%2Fmedia&parent=169"}],"curies":[{"name":"wp","href":"https:\/\/api.w.org\/{rel}","templated":true}]}}